{"id":41,"date":"2025-12-19T16:41:36","date_gmt":"2025-12-19T15:41:36","guid":{"rendered":"http:\/\/rzepa.zstu.com.pl\/?page_id=41"},"modified":"2026-01-21T14:08:04","modified_gmt":"2026-01-21T13:08:04","slug":"home","status":"publish","type":"page","link":"https:\/\/rzepa.zstu.com.pl\/","title":{"rendered":"strona g\u0142\u00f3wna"},"content":{"rendered":"\t\t<div data-elementor-type=\"wp-page\" data-elementor-id=\"41\" class=\"elementor elementor-41\">\n\t\t\t\t<div data-ka-cursor-size=\"1\" class=\"elementor-element elementor-element-811a935 e-con-full e-flex e-con e-parent\" data-id=\"811a935\" data-element_type=\"container\" data-settings=\"{&quot;background_background&quot;:&quot;classic&quot;,&quot;kng_cursor_interaction&quot;:&quot;default&quot;,&quot;kng_cursor_magnetic&quot;:&quot;none&quot;,&quot;kng_cursor_size_multiplier&quot;:{&quot;unit&quot;:&quot;px&quot;,&quot;size&quot;:1,&quot;sizes&quot;:[]}}\">\n\t\t<div data-ka-cursor-size=\"1\" class=\"elementor-element elementor-element-5aa4c30 e-con-full e-flex e-con e-child\" data-id=\"5aa4c30\" data-element_type=\"container\" data-settings=\"{&quot;kng_cursor_interaction&quot;:&quot;default&quot;,&quot;kng_cursor_magnetic&quot;:&quot;none&quot;,&quot;kng_cursor_size_multiplier&quot;:{&quot;unit&quot;:&quot;px&quot;,&quot;size&quot;:1,&quot;sizes&quot;:[]}}\">\n\t\t\t\t<div data-ka-cursor-size=\"1\" class=\"elementor-element elementor-element-c1d40dd elementor-invisible elementor-widget elementor-widget-heading\" data-id=\"c1d40dd\" data-element_type=\"widget\" data-settings=\"{&quot;_animation&quot;:&quot;fadeIn&quot;,&quot;kng_cursor_interaction&quot;:&quot;default&quot;,&quot;kng_cursor_magnetic&quot;:&quot;none&quot;,&quot;kng_cursor_size_multiplier&quot;:{&quot;unit&quot;:&quot;px&quot;,&quot;size&quot;:1,&quot;sizes&quot;:[]}}\" data-widget_type=\"heading.default\">\n\t\t\t\t\t<h2 class=\"elementor-heading-title elementor-size-default\">\u015awiat Wojowniczych \u017b\u00f3\u0142wi Ninja<\/h2>\t\t\t\t<\/div>\n\t\t\t\t<\/div>\n\t\t\t\t<\/div>\n\t\t<div data-ka-cursor-size=\"1\" class=\"elementor-element elementor-element-25ef798 e-flex e-con-boxed e-con e-parent\" data-id=\"25ef798\" data-element_type=\"container\" data-settings=\"{&quot;background_background&quot;:&quot;classic&quot;,&quot;kng_cursor_interaction&quot;:&quot;default&quot;,&quot;kng_cursor_magnetic&quot;:&quot;none&quot;,&quot;kng_cursor_size_multiplier&quot;:{&quot;unit&quot;:&quot;px&quot;,&quot;size&quot;:1,&quot;sizes&quot;:[]}}\">\n\t\t\t\t\t<div class=\"e-con-inner\">\n\t\t\t\t<div data-ka-cursor-size=\"1\" class=\"elementor-element elementor-element-b2a88e4 elementor-invisible elementor-widget elementor-widget-heading\" data-id=\"b2a88e4\" data-element_type=\"widget\" data-settings=\"{&quot;_animation&quot;:&quot;fadeInLeft&quot;,&quot;kng_cursor_interaction&quot;:&quot;default&quot;,&quot;kng_cursor_magnetic&quot;:&quot;none&quot;,&quot;kng_cursor_size_multiplier&quot;:{&quot;unit&quot;:&quot;px&quot;,&quot;size&quot;:1,&quot;sizes&quot;:[]}}\" data-widget_type=\"heading.default\">\n\t\t\t\t\t<h2 class=\"elementor-heading-title elementor-size-default\">ciekawostki o \u017c\u00f3\u0142wiach ninja<\/h2>\t\t\t\t<\/div>\n\t\t\t\t<div data-ka-cursor-size=\"1\" class=\"elementor-element elementor-element-65bf05f elementor-invisible elementor-widget elementor-widget-text-editor\" data-id=\"65bf05f\" data-element_type=\"widget\" data-settings=\"{&quot;_animation&quot;:&quot;fadeInUp&quot;,&quot;kng_cursor_interaction&quot;:&quot;default&quot;,&quot;kng_cursor_magnetic&quot;:&quot;none&quot;,&quot;kng_cursor_size_multiplier&quot;:{&quot;unit&quot;:&quot;px&quot;,&quot;size&quot;:1,&quot;sizes&quot;:[]}}\" data-widget_type=\"text-editor.default\">\n\t\t\t\t\t\t\t\t\t<p>\u017b\u00f3\u0142wie Ninja powsta\u0142y w 1983 roku jako \u017cart: Kevin Eastman narysowa\u0142 \u017c\u00f3\u0142wia ninja z nunczako, by zrobi\u0107 psikusa koledze.\u200b<\/p><p>Ich imiona pochodz\u0105 od renesansowych artyst\u00f3w: Leonardo da Vinci (niebieska bandana, katany), Donatello (fioletowa, kij b\u014d), Michelangelo (pomara\u0144czowa, nunchaku) i Raphael (czerwona, sai).<br \/>\u200b<br \/>Ulubionym jedzeniem \u017c\u00f3\u0142wi jest pizza, a ich bojowym okrzykiem &#8222;Cowabunga!&#8221; \u2013 symbolizuj\u0105cym odwag\u0119 i zabaw\u0119.<br \/>\u200b<br \/>Sensei Splinter to zmutowany szczur, dawny mistrz ninjutsu Hamato Yoshi, kt\u00f3ry wychowa\u0142 \u017c\u00f3\u0142wie w kana\u0142ach Nowego Jorku.<\/p><p>Pierwszy komiks z 1984 roku by\u0142 niezale\u017cny, ale serial animowany z 1987 (193 odcinki) zapewni\u0142 im \u015bwiatow\u0105 s\u0142aw\u0119.\u200b<\/p>\t\t\t\t\t\t\t\t<\/div>\n\t\t\t\t\t<\/div>\n\t\t\t\t<\/div>\n\t\t<div data-ka-cursor-size=\"1\" class=\"elementor-element elementor-element-a973486 e-grid e-con-full e-con e-parent\" data-id=\"a973486\" data-element_type=\"container\" data-settings=\"{&quot;background_background&quot;:&quot;classic&quot;,&quot;kng_cursor_interaction&quot;:&quot;default&quot;,&quot;kng_cursor_magnetic&quot;:&quot;none&quot;,&quot;kng_cursor_size_multiplier&quot;:{&quot;unit&quot;:&quot;px&quot;,&quot;size&quot;:1,&quot;sizes&quot;:[]}}\">\n\t\t<div data-ka-cursor-size=\"1\" class=\"elementor-element elementor-element-1c060e8 e-flex e-con-boxed e-con e-child\" data-id=\"1c060e8\" data-element_type=\"container\" data-settings=\"{&quot;kng_cursor_interaction&quot;:&quot;default&quot;,&quot;kng_cursor_magnetic&quot;:&quot;none&quot;,&quot;kng_cursor_size_multiplier&quot;:{&quot;unit&quot;:&quot;px&quot;,&quot;size&quot;:1,&quot;sizes&quot;:[]}}\">\n\t\t\t\t\t<div class=\"e-con-inner\">\n\t\t\t\t<div data-ka-cursor-size=\"1\" class=\"elementor-element elementor-element-f836487 elementor-invisible elementor-widget elementor-widget-image\" data-id=\"f836487\" data-element_type=\"widget\" data-settings=\"{&quot;_animation&quot;:&quot;fadeIn&quot;,&quot;kng_cursor_interaction&quot;:&quot;default&quot;,&quot;kng_cursor_magnetic&quot;:&quot;none&quot;,&quot;kng_cursor_size_multiplier&quot;:{&quot;unit&quot;:&quot;px&quot;,&quot;size&quot;:1,&quot;sizes&quot;:[]}}\" data-widget_type=\"image.default\">\n\t\t\t\t\t\t\t\t\t\t\t\t\t\t\t<img fetchpriority=\"high\" decoding=\"async\" width=\"1920\" height=\"1080\" src=\"https:\/\/rzepa.zstu.com.pl\/wp-content\/uploads\/2025\/12\/d0ca12f4-7db3-4d89-9c59-e869bef1443f.webp\" class=\"attachment-full size-full wp-image-61\" alt=\"\" srcset=\"https:\/\/rzepa.zstu.com.pl\/wp-content\/uploads\/2025\/12\/d0ca12f4-7db3-4d89-9c59-e869bef1443f.webp 1920w, https:\/\/rzepa.zstu.com.pl\/wp-content\/uploads\/2025\/12\/d0ca12f4-7db3-4d89-9c59-e869bef1443f-300x169.webp 300w, https:\/\/rzepa.zstu.com.pl\/wp-content\/uploads\/2025\/12\/d0ca12f4-7db3-4d89-9c59-e869bef1443f-1024x576.webp 1024w, https:\/\/rzepa.zstu.com.pl\/wp-content\/uploads\/2025\/12\/d0ca12f4-7db3-4d89-9c59-e869bef1443f-768x432.webp 768w, https:\/\/rzepa.zstu.com.pl\/wp-content\/uploads\/2025\/12\/d0ca12f4-7db3-4d89-9c59-e869bef1443f-1536x864.webp 1536w\" sizes=\"(max-width: 1920px) 100vw, 1920px\" \/>\t\t\t\t\t\t\t\t\t\t\t\t\t\t\t<\/div>\n\t\t\t\t<div data-ka-cursor-size=\"1\" class=\"elementor-element elementor-element-d190dff elementor-invisible elementor-widget elementor-widget-text-editor\" data-id=\"d190dff\" data-element_type=\"widget\" data-settings=\"{&quot;_animation&quot;:&quot;fadeIn&quot;,&quot;kng_cursor_interaction&quot;:&quot;default&quot;,&quot;kng_cursor_magnetic&quot;:&quot;none&quot;,&quot;kng_cursor_size_multiplier&quot;:{&quot;unit&quot;:&quot;px&quot;,&quot;size&quot;:1,&quot;sizes&quot;:[]}}\" data-widget_type=\"text-editor.default\">\n\t\t\t\t\t\t\t\t\t<p>Wojownicze \u017b\u00f3\u0142wie Ninja to ikoniczna dru\u017cyna czterech antropomorficznych \u017c\u00f3\u0142wi \u2013 Leonardo, Donatello, Michelangelo i Raphael \u2013 wyszkolonych w ninjutsu przez sensei Splintera<\/p>\t\t\t\t\t\t\t\t<\/div>\n\t\t\t\t\t<\/div>\n\t\t\t\t<\/div>\n\t\t\t\t<div data-ka-cursor-size=\"1\" class=\"elementor-element elementor-element-e26cbff elementor-invisible elementor-widget elementor-widget-text-editor\" data-id=\"e26cbff\" data-element_type=\"widget\" data-settings=\"{&quot;_animation&quot;:&quot;fadeInDown&quot;,&quot;kng_cursor_interaction&quot;:&quot;default&quot;,&quot;kng_cursor_magnetic&quot;:&quot;none&quot;,&quot;kng_cursor_size_multiplier&quot;:{&quot;unit&quot;:&quot;px&quot;,&quot;size&quot;:1,&quot;sizes&quot;:[]}}\" data-widget_type=\"text-editor.default\">\n\t\t\t\t\t\t\t\t\t<p>Wojownicze \u017b\u00f3\u0142wie Ninja, znane te\u017c jako Teenage Mutant Ninja Turtles (TMNT), to jedna z najbardziej kultowych marek popkultury, kt\u00f3ra narodzi\u0142a si\u0119 w 1984 roku jako \u017cartobliwy komiks stworzony przez Kevina Eastmana i Petera Lairda. Czterech braci-\u017c\u00f3\u0142wi \u2013 Leonardo (niebieska bandana, lider z katanami), Donatello (fioletowa, geniusz z kijem b\u014d), Michelangelo (pomara\u0144czowa, weso\u0142ek z nunchaku) i Raphael (czerwona, buntownik z sai) \u2013 zostali zmutowani przez radioaktywny ooze w kana\u0142ach Nowego Jorku.<\/p>\t\t\t\t\t\t\t\t<\/div>\n\t\t\t\t<\/div>\n\t\t<div data-ka-cursor-size=\"1\" class=\"elementor-element elementor-element-d51c7db e-flex e-con-boxed e-con e-parent\" data-id=\"d51c7db\" data-element_type=\"container\" data-settings=\"{&quot;kng_cursor_interaction&quot;:&quot;default&quot;,&quot;kng_cursor_magnetic&quot;:&quot;none&quot;,&quot;kng_cursor_size_multiplier&quot;:{&quot;unit&quot;:&quot;px&quot;,&quot;size&quot;:1,&quot;sizes&quot;:[]}}\">\n\t\t\t\t\t<div class=\"e-con-inner\">\n\t\t<div data-ka-cursor-size=\"1\" class=\"elementor-element elementor-element-5f5e191 e-grid e-con-full e-con e-child\" data-id=\"5f5e191\" data-element_type=\"container\" data-settings=\"{&quot;background_background&quot;:&quot;classic&quot;,&quot;kng_cursor_interaction&quot;:&quot;default&quot;,&quot;kng_cursor_magnetic&quot;:&quot;none&quot;,&quot;kng_cursor_size_multiplier&quot;:{&quot;unit&quot;:&quot;px&quot;,&quot;size&quot;:1,&quot;sizes&quot;:[]}}\">\n\t\t\t\t<div data-ka-cursor-size=\"1\" class=\"elementor-element elementor-element-4c2fcd5 king-addons-fb-step-type-number_text king-addons-fb-step-content-layout-vertical king-addons-custom-styles-yes elementor-widget elementor-widget-king-addons-form-builder\" data-id=\"4c2fcd5\" data-element_type=\"widget\" data-settings=\"{&quot;success_message&quot;:&quot;Submission successful&quot;,&quot;error_message&quot;:&quot;Submission failed&quot;,&quot;button_width&quot;:{&quot;unit&quot;:&quot;%&quot;,&quot;size&quot;:100,&quot;sizes&quot;:[]},&quot;button_width_tablet&quot;:{&quot;unit&quot;:&quot;px&quot;,&quot;size&quot;:&quot;&quot;,&quot;sizes&quot;:[]},&quot;button_width_mobile&quot;:{&quot;unit&quot;:&quot;px&quot;,&quot;size&quot;:&quot;&quot;,&quot;sizes&quot;:[]},&quot;step_type&quot;:&quot;number_text&quot;,&quot;step_content_layout&quot;:&quot;vertical&quot;,&quot;kng_cursor_interaction&quot;:&quot;default&quot;,&quot;kng_cursor_magnetic&quot;:&quot;none&quot;,&quot;kng_cursor_size_multiplier&quot;:{&quot;unit&quot;:&quot;px&quot;,&quot;size&quot;:1,&quot;sizes&quot;:[]}}\" data-widget_type=\"king-addons-form-builder.default\">\n\t\t\t\t<div class=\"elementor-widget-container\">\n\t\t\t\t\t        <form class=\"king-addons-form\" method=\"post\" name=\"New Form\" page=\"strona g\u0142\u00f3wna\" page_id=\"41\"              novalidate>\n            <input type=\"hidden\" name=\"post_id\" value=\"41\"\/>\n            <input type=\"hidden\" name=\"form_id\" value=\"4c2fcd5\"\/>\n            <input type=\"hidden\" name=\"referer_title\" value=\"\"\/>\n\n            <div class=\"king-addons-fb-step-wrap\"><\/div>\n            <div class=\"king-addons-form-fields-wrap king-addons-labels-above\">\n                                    <div class=\"king-addons-form-field-type-text king-addons-field-group king-addons-column king-addons-field-group-name elementor-repeater-item-7adbb7e\">\n                        <input size=\"1 \"type=\"text\" name=\"form_fields[name]\" id=\"form-field-name\" class=\"king-addons-form-field  king-addons-form-field-textual\" placeholder=\"Imi\u0119\">                    <\/div>\n                                    <div class=\"king-addons-form-field-type-email king-addons-field-group king-addons-column king-addons-field-group-email elementor-repeater-item-53af26c king-addons-form-field-required\">\n                        <input size=\"1 \"type=\"email\" name=\"form_fields[email]\" id=\"form-field-email\" class=\"king-addons-form-field  king-addons-form-field-textual\" placeholder=\"Email\" required=\"required\" aria-required=\"true\">                    <\/div>\n                                    <div class=\"king-addons-form-field-type-textarea king-addons-field-group king-addons-column king-addons-field-group-message elementor-repeater-item-d793dbf\">\n                        <textarea class=\"king-addons-form-field-textual king-addons-form-field \" name=\"form_fields[message]\" id=\"form-field-message\" rows=\"7\" placeholder=\"Wiadomo\u015bci\"><\/textarea>                    <\/div>\n                <div class=\"king-addons-field-group king-addons-step-buttons-wrap king-addons-column king-addons-form-field-type-submit\" data-actions=\"[&quot;email&quot;]\" data-redirect-url=\"\" data-mailchimp-fields=\"{&quot;email_field&quot;:&quot;&quot;,&quot;first_name_field&quot;:&quot;&quot;,&quot;last_name_field&quot;:&quot;&quot;,&quot;address_field&quot;:&quot;&quot;,&quot;phone_field&quot;:&quot;&quot;,&quot;birthday_field&quot;:&quot;&quot;,&quot;group_id&quot;:&quot;&quot;}\" data-list-id=\"\">        <button type=\"submit\" class=\"king-addons-button\">\n\t\t\t\t<span >\n\t\t\t\t\t                                            <span>Wy\u015blij<\/span>\n                                        \t\t\t\t<\/span>\n            <div class=\"king-addons-double-bounce king-addons-loader-hidden\">\n                <div class=\"king-addons-child king-addons-double-bounce1\"><\/div>\n                <div class=\"king-addons-child king-addons-double-bounce2\"><\/div>\n            <\/div>\n        <\/button>\n        <\/div>\n            <\/div>\n        <\/form>\n        \t\t\t\t<\/div>\n\t\t\t\t<\/div>\n\t\t\t\t<div data-ka-cursor-size=\"1\" class=\"elementor-element elementor-element-fc121e3 elementor-widget elementor-widget-image\" data-id=\"fc121e3\" data-element_type=\"widget\" data-settings=\"{&quot;kng_cursor_interaction&quot;:&quot;default&quot;,&quot;kng_cursor_magnetic&quot;:&quot;none&quot;,&quot;kng_cursor_size_multiplier&quot;:{&quot;unit&quot;:&quot;px&quot;,&quot;size&quot;:1,&quot;sizes&quot;:[]}}\" data-widget_type=\"image.default\">\n\t\t\t\t\t\t\t\t\t\t\t\t\t\t\t<img decoding=\"async\" width=\"1024\" height=\"576\" src=\"https:\/\/rzepa.zstu.com.pl\/wp-content\/uploads\/2025\/12\/AAAABek9odZ0j_pcQEwocQt9qCLW5oF6Rlpici9o_2_RGDzw1mR30SXtaCOHoefizm0budNSAgXHrR4EZFf91HdplTWqCbKGeEkf-1024x576.webp\" class=\"attachment-large size-large wp-image-82\" alt=\"\u017c\u00f3\u0142wie ninja\" srcset=\"https:\/\/rzepa.zstu.com.pl\/wp-content\/uploads\/2025\/12\/AAAABek9odZ0j_pcQEwocQt9qCLW5oF6Rlpici9o_2_RGDzw1mR30SXtaCOHoefizm0budNSAgXHrR4EZFf91HdplTWqCbKGeEkf-1024x576.webp 1024w, https:\/\/rzepa.zstu.com.pl\/wp-content\/uploads\/2025\/12\/AAAABek9odZ0j_pcQEwocQt9qCLW5oF6Rlpici9o_2_RGDzw1mR30SXtaCOHoefizm0budNSAgXHrR4EZFf91HdplTWqCbKGeEkf-300x169.webp 300w, https:\/\/rzepa.zstu.com.pl\/wp-content\/uploads\/2025\/12\/AAAABek9odZ0j_pcQEwocQt9qCLW5oF6Rlpici9o_2_RGDzw1mR30SXtaCOHoefizm0budNSAgXHrR4EZFf91HdplTWqCbKGeEkf-768x432.webp 768w, https:\/\/rzepa.zstu.com.pl\/wp-content\/uploads\/2025\/12\/AAAABek9odZ0j_pcQEwocQt9qCLW5oF6Rlpici9o_2_RGDzw1mR30SXtaCOHoefizm0budNSAgXHrR4EZFf91HdplTWqCbKGeEkf-1536x864.webp 1536w, https:\/\/rzepa.zstu.com.pl\/wp-content\/uploads\/2025\/12\/AAAABek9odZ0j_pcQEwocQt9qCLW5oF6Rlpici9o_2_RGDzw1mR30SXtaCOHoefizm0budNSAgXHrR4EZFf91HdplTWqCbKGeEkf.webp 2048w\" sizes=\"(max-width: 1024px) 100vw, 1024px\" \/>\t\t\t\t\t\t\t\t\t\t\t\t\t\t\t<\/div>\n\t\t\t\t<\/div>\n\t\t\t\t\t<\/div>\n\t\t\t\t<\/div>\n\t\t<div data-ka-cursor-size=\"1\" class=\"elementor-element elementor-element-19e9a05 e-con-full e-flex e-con e-parent\" data-id=\"19e9a05\" data-element_type=\"container\" data-settings=\"{&quot;background_background&quot;:&quot;classic&quot;,&quot;kng_cursor_interaction&quot;:&quot;default&quot;,&quot;kng_cursor_magnetic&quot;:&quot;none&quot;,&quot;kng_cursor_size_multiplier&quot;:{&quot;unit&quot;:&quot;px&quot;,&quot;size&quot;:1,&quot;sizes&quot;:[]}}\">\n\t\t\t\t<div data-ka-cursor-size=\"1\" class=\"elementor-element elementor-element-c4119d6 elementor-arrows-position-inside elementor-widget elementor-widget-image-carousel\" data-id=\"c4119d6\" data-element_type=\"widget\" data-settings=\"{&quot;slides_to_show&quot;:&quot;3&quot;,&quot;slides_to_show_mobile&quot;:&quot;2&quot;,&quot;slides_to_scroll&quot;:&quot;1&quot;,&quot;navigation&quot;:&quot;arrows&quot;,&quot;lazyload&quot;:&quot;yes&quot;,&quot;autoplay_speed&quot;:300,&quot;speed&quot;:350,&quot;autoplay&quot;:&quot;yes&quot;,&quot;pause_on_hover&quot;:&quot;yes&quot;,&quot;pause_on_interaction&quot;:&quot;yes&quot;,&quot;infinite&quot;:&quot;yes&quot;,&quot;kng_cursor_interaction&quot;:&quot;default&quot;,&quot;kng_cursor_magnetic&quot;:&quot;none&quot;,&quot;kng_cursor_size_multiplier&quot;:{&quot;unit&quot;:&quot;px&quot;,&quot;size&quot;:1,&quot;sizes&quot;:[]}}\" data-widget_type=\"image-carousel.default\">\n\t\t\t\t\t\t\t<div class=\"elementor-image-carousel-wrapper swiper\" role=\"region\" aria-roledescription=\"carousel\" aria-label=\"Karuzela obrazk\u00f3w\" dir=\"ltr\">\n\t\t\t<div class=\"elementor-image-carousel swiper-wrapper swiper-image-stretch\" aria-live=\"off\">\n\t\t\t\t\t\t\t\t<div class=\"swiper-slide\" role=\"group\" aria-roledescription=\"slide\" aria-label=\"1 z 5\"><figure class=\"swiper-slide-inner\"><img class=\"swiper-slide-image swiper-lazy\" data-src=\"https:\/\/rzepa.zstu.com.pl\/wp-content\/uploads\/2025\/12\/teenage_mutant_ninja_turtles_out_of_the_shadows_10.webp\" alt=\"\u0142eb \u017c\u00f3\u0142wia ninja\" \/><div class=\"swiper-lazy-preloader\"><\/div><\/figure><\/div><div class=\"swiper-slide\" role=\"group\" aria-roledescription=\"slide\" aria-label=\"2 z 5\"><figure class=\"swiper-slide-inner\"><img class=\"swiper-slide-image swiper-lazy\" data-src=\"https:\/\/rzepa.zstu.com.pl\/wp-content\/uploads\/2025\/12\/images-1-1.jpg\" alt=\"images (1)\" \/><div class=\"swiper-lazy-preloader\"><\/div><\/figure><\/div><div class=\"swiper-slide\" role=\"group\" aria-roledescription=\"slide\" aria-label=\"3 z 5\"><figure class=\"swiper-slide-inner\"><img class=\"swiper-slide-image swiper-lazy\" data-src=\"https:\/\/rzepa.zstu.com.pl\/wp-content\/uploads\/2025\/12\/cropped-zolwie-ninja-1.webp\" alt=\"cropped-zolwie-ninja-1.webp\" \/><div class=\"swiper-lazy-preloader\"><\/div><\/figure><\/div><div class=\"swiper-slide\" role=\"group\" aria-roledescription=\"slide\" aria-label=\"4 z 5\"><figure class=\"swiper-slide-inner\"><img class=\"swiper-slide-image swiper-lazy\" data-src=\"https:\/\/rzepa.zstu.com.pl\/wp-content\/uploads\/2025\/12\/AAAABek9odZ0j_pcQEwocQt9qCLW5oF6Rlpici9o_2_RGDzw1mR30SXtaCOHoefizm0budNSAgXHrR4EZFf91HdplTWqCbKGeEkf.webp\" alt=\"\u017c\u00f3\u0142wie ninja\" \/><div class=\"swiper-lazy-preloader\"><\/div><\/figure><\/div><div class=\"swiper-slide\" role=\"group\" aria-roledescription=\"slide\" aria-label=\"5 z 5\"><figure class=\"swiper-slide-inner\"><img class=\"swiper-slide-image swiper-lazy\" data-src=\"https:\/\/rzepa.zstu.com.pl\/wp-content\/uploads\/2025\/12\/d0ca12f4-7db3-4d89-9c59-e869bef1443f.webp\" alt=\"d0ca12f4-7db3-4d89-9c59-e869bef1443f\" \/><div class=\"swiper-lazy-preloader\"><\/div><\/figure><\/div>\t\t\t<\/div>\n\t\t\t\t\t\t\t\t\t\t\t\t<div class=\"elementor-swiper-button elementor-swiper-button-prev\" role=\"button\" tabindex=\"0\">\n\t\t\t\t\t\t<svg aria-hidden=\"true\" class=\"e-font-icon-svg e-eicon-chevron-left\" viewBox=\"0 0 1000 1000\" xmlns=\"http:\/\/www.w3.org\/2000\/svg\"><path d=\"M646 125C629 125 613 133 604 142L308 442C296 454 292 471 292 487 292 504 296 521 308 533L604 854C617 867 629 875 646 875 663 875 679 871 692 858 704 846 713 829 713 812 713 796 708 779 692 767L438 487 692 225C700 217 708 204 708 187 708 171 704 154 692 142 675 129 663 125 646 125Z\"><\/path><\/svg>\t\t\t\t\t<\/div>\n\t\t\t\t\t<div class=\"elementor-swiper-button elementor-swiper-button-next\" role=\"button\" tabindex=\"0\">\n\t\t\t\t\t\t<svg aria-hidden=\"true\" class=\"e-font-icon-svg e-eicon-chevron-right\" viewBox=\"0 0 1000 1000\" xmlns=\"http:\/\/www.w3.org\/2000\/svg\"><path d=\"M696 533C708 521 713 504 713 487 713 471 708 454 696 446L400 146C388 133 375 125 354 125 338 125 325 129 313 142 300 154 292 171 292 187 292 204 296 221 308 233L563 492 304 771C292 783 288 800 288 817 288 833 296 850 308 863 321 871 338 875 354 875 371 875 388 867 400 854L696 533Z\"><\/path><\/svg>\t\t\t\t\t<\/div>\n\t\t\t\t\n\t\t\t\t\t\t\t\t\t<\/div>\n\t\t\t\t\t\t<\/div>\n\t\t\t\t<\/div>\n\t\t\t\t<\/div>\n\t\t","protected":false},"excerpt":{"rendered":"<p>\u015awiat Wojowniczych \u017b\u00f3\u0142wi Ninja ciekawostki o \u017c\u00f3\u0142wiach ninja \u017b\u00f3\u0142wie Ninja powsta\u0142y w 1983 roku jako \u017cart: Kevin Eastman narysowa\u0142 \u017c\u00f3\u0142wia [&hellip;]<\/p>\n","protected":false},"author":1,"featured_media":0,"parent":0,"menu_order":0,"comment_status":"closed","ping_status":"closed","template":"","meta":{"site-sidebar-layout":"no-sidebar","site-content-layout":"","ast-site-content-layout":"full-width-container","site-content-style":"default","site-sidebar-style":"default","ast-global-header-display":"","ast-banner-title-visibility":"","ast-main-header-display":"","ast-hfb-above-header-display":"","ast-hfb-below-header-display":"","ast-hfb-mobile-header-display":"","site-post-title":"","ast-breadcrumbs-content":"","ast-featured-img":"disabled","footer-sml-layout":"","ast-disable-related-posts":"","theme-transparent-header-meta":"","adv-header-id-meta":"","stick-header-meta":"","header-above-stick-meta":"","header-main-stick-meta":"","header-below-stick-meta":"","astra-migrate-meta-layouts":"default","ast-page-background-enabled":"default","ast-page-background-meta":{"desktop":{"background-color":"var(--ast-global-color-5)","background-image":"","background-repeat":"repeat","background-position":"center center","background-size":"auto","background-attachment":"scroll","background-type":"","background-media":"","overlay-type":"","overlay-color":"","overlay-opacity":"","overlay-gradient":""},"tablet":{"background-color":"","background-image":"","background-repeat":"repeat","background-position":"center center","background-size":"auto","background-attachment":"scroll","background-type":"","background-media":"","overlay-type":"","overlay-color":"","overlay-opacity":"","overlay-gradient":""},"mobile":{"background-color":"","background-image":"","background-repeat":"repeat","background-position":"center center","background-size":"auto","background-attachment":"scroll","background-type":"","background-media":"","overlay-type":"","overlay-color":"","overlay-opacity":"","overlay-gradient":""}},"ast-content-background-meta":{"desktop":{"background-color":"var(--ast-global-color-4)","background-image":"","background-repeat":"repeat","background-position":"center center","background-size":"auto","background-attachment":"scroll","background-type":"","background-media":"","overlay-type":"","overlay-color":"","overlay-opacity":"","overlay-gradient":""},"tablet":{"background-color":"var(--ast-global-color-4)","background-image":"","background-repeat":"repeat","background-position":"center center","background-size":"auto","background-attachment":"scroll","background-type":"","background-media":"","overlay-type":"","overlay-color":"","overlay-opacity":"","overlay-gradient":""},"mobile":{"background-color":"var(--ast-global-color-4)","background-image":"","background-repeat":"repeat","background-position":"center center","background-size":"auto","background-attachment":"scroll","background-type":"","background-media":"","overlay-type":"","overlay-color":"","overlay-opacity":"","overlay-gradient":""}},"footnotes":""},"class_list":["post-41","page","type-page","status-publish","hentry"],"_links":{"self":[{"href":"https:\/\/rzepa.zstu.com.pl\/index.php\/wp-json\/wp\/v2\/pages\/41","targetHints":{"allow":["GET"]}}],"collection":[{"href":"https:\/\/rzepa.zstu.com.pl\/index.php\/wp-json\/wp\/v2\/pages"}],"about":[{"href":"https:\/\/rzepa.zstu.com.pl\/index.php\/wp-json\/wp\/v2\/types\/page"}],"author":[{"embeddable":true,"href":"https:\/\/rzepa.zstu.com.pl\/index.php\/wp-json\/wp\/v2\/users\/1"}],"replies":[{"embeddable":true,"href":"https:\/\/rzepa.zstu.com.pl\/index.php\/wp-json\/wp\/v2\/comments?post=41"}],"version-history":[{"count":41,"href":"https:\/\/rzepa.zstu.com.pl\/index.php\/wp-json\/wp\/v2\/pages\/41\/revisions"}],"predecessor-version":[{"id":151,"href":"https:\/\/rzepa.zstu.com.pl\/index.php\/wp-json\/wp\/v2\/pages\/41\/revisions\/151"}],"wp:attachment":[{"href":"https:\/\/rzepa.zstu.com.pl\/index.php\/wp-json\/wp\/v2\/media?parent=41"}],"curies":[{"name":"wp","href":"https:\/\/api.w.org\/{rel}","templated":true}]}}